{"id":893,"date":"2025-02-27T14:43:44","date_gmt":"2025-02-27T17:43:44","guid":{"rendered":"https:\/\/padraovhml.tech.math.group\/?page_id=893"},"modified":"2025-04-24T12:29:45","modified_gmt":"2025-04-24T15:29:45","slug":"valtra-kids","status":"publish","type":"page","link":"https:\/\/agroprecisa.valtraar.math.group\/es\/valtra-kids\/","title":{"rendered":"Valtra Kids"},"content":{"rendered":"<div data-elementor-type=\"wp-page\" data-elementor-id=\"893\" class=\"elementor elementor-893\">\n\t\t\t\t<div class=\"elementor-element elementor-element-f6d83c9 e-con-full content e-flex e-con e-parent\" data-id=\"f6d83c9\" data-element_type=\"container\" data-settings=\"{&quot;background_background&quot;:&quot;classic&quot;}\">\n\t\t\t\t<\/div>\n\t\t<div class=\"elementor-element elementor-element-105c260a e-flex e-con-boxed e-con e-parent\" data-id=\"105c260a\" data-element_type=\"container\">\n\t\t\t\t\t<div class=\"e-con-inner\">\n\t\t<div class=\"elementor-element elementor-element-673542bd e-con-full e-flex e-con e-child\" data-id=\"673542bd\" data-element_type=\"container\">\n\t\t\t\t<div class=\"elementor-element elementor-element-2ba3b687 elementor-widget elementor-widget-image\" data-id=\"2ba3b687\" data-element_type=\"widget\" data-widget_type=\"image.default\">\n\t\t\t\t<div class=\"elementor-widget-container\">\n\t\t\t\t\t\t\t\t\t\t\t\t\t\t\t\t<a href=\"http:\/\/twintrac.valtra.com\/index.php?page=game&#038;lang=pt\" target=\"_blank\">\n\t\t\t\t\t\t\t<img fetchpriority=\"high\" decoding=\"async\" width=\"800\" height=\"534\" src=\"https:\/\/agroprecisa.valtraar.math.group\/wp-content\/uploads\/sites\/22\/2025\/02\/valtra-twintrac-game-800.jpg\" class=\"attachment-full size-full wp-image-963\" alt=\"\" srcset=\"https:\/\/agroprecisa.valtraar.math.group\/wp-content\/uploads\/sites\/22\/2025\/02\/valtra-twintrac-game-800.jpg 800w, https:\/\/agroprecisa.valtraar.math.group\/wp-content\/uploads\/sites\/22\/2025\/02\/valtra-twintrac-game-800-300x200.jpg 300w, https:\/\/agroprecisa.valtraar.math.group\/wp-content\/uploads\/sites\/22\/2025\/02\/valtra-twintrac-game-800-768x513.jpg 768w, https:\/\/agroprecisa.valtraar.math.group\/wp-content\/uploads\/sites\/22\/2025\/02\/valtra-twintrac-game-800-18x12.jpg 18w, https:\/\/agroprecisa.valtraar.math.group\/wp-content\/uploads\/sites\/22\/2025\/02\/valtra-twintrac-game-800-600x400.jpg 600w\" sizes=\"(max-width: 800px) 100vw, 800px\" \/>\t\t\t\t\t\t\t\t<\/a>\n\t\t\t\t\t\t\t\t\t\t\t\t\t\t\t<\/div>\n\t\t\t\t<\/div>\n\t\t\t\t<\/div>\n\t\t<div class=\"elementor-element elementor-element-20951089 e-con-full e-flex e-con e-child\" data-id=\"20951089\" data-element_type=\"container\">\n\t\t\t\t<div class=\"elementor-element elementor-element-41b7e7a9 main-subtitle elementor-widget elementor-widget-heading\" data-id=\"41b7e7a9\" data-element_type=\"widget\" data-widget_type=\"heading.default\">\n\t\t\t\t<div class=\"elementor-widget-container\">\n\t\t\t\t\t<span class=\"elementor-heading-title elementor-size-default\">Reverse Challenge<\/span>\t\t\t\t<\/div>\n\t\t\t\t<\/div>\n\t\t\t\t<div class=\"elementor-element elementor-element-2855b9dd elementor-widget elementor-widget-text-editor\" data-id=\"2855b9dd\" data-element_type=\"widget\" data-widget_type=\"text-editor.default\">\n\t\t\t\t<div class=\"elementor-widget-container\">\n\t\t\t\t\t\t\t\t\t<div class=\"liftblockcomp aem-GridColumn aem-GridColumn--default--12\"><div class=\"liftblock liftblock--half liftblock--left\"><div class=\"liftblock__wrap\"><div class=\"liftblock__text\"><div class=\"liftblock__text-wrap\"><div class=\"liftblock__description\"><p>\u00a1Tu objetivo es competir con el tractor en una carrera a lo largo del recorrido. Diversi\u00f3n para toda la familia!<\/p><\/div><\/div><\/div><\/div><\/div><\/div>\t\t\t\t\t\t\t\t<\/div>\n\t\t\t\t<\/div>\n\t\t\t\t<div class=\"elementor-element elementor-element-71ea1484 elementor-align-left elementor-widget elementor-widget-button\" data-id=\"71ea1484\" data-element_type=\"widget\" data-widget_type=\"button.default\">\n\t\t\t\t<div class=\"elementor-widget-container\">\n\t\t\t\t\t\t\t\t\t<div class=\"elementor-button-wrapper\">\n\t\t\t\t\t<a class=\"elementor-button elementor-button-link elementor-size-sm\" href=\"http:\/\/twintrac.valtra.com\/index.php?page=game&#038;lang=pt\" target=\"_blank\">\n\t\t\t\t\t\t<span class=\"elementor-button-content-wrapper\">\n\t\t\t\t\t\t\t\t\t<span class=\"elementor-button-text\">SABER M\u00c1S<\/span>\n\t\t\t\t\t<\/span>\n\t\t\t\t\t<\/a>\n\t\t\t\t<\/div>\n\t\t\t\t\t\t\t\t<\/div>\n\t\t\t\t<\/div>\n\t\t\t\t<\/div>\n\t\t\t\t\t<\/div>\n\t\t\t\t<\/div>\n\t\t<div class=\"elementor-element elementor-element-1f6a2f7 e-flex e-con-boxed e-con e-parent\" data-id=\"1f6a2f7\" data-element_type=\"container\">\n\t\t\t\t\t<div class=\"e-con-inner\">\n\t\t\t\t<div class=\"elementor-element elementor-element-9baea8f elementor-widget elementor-widget-heading\" data-id=\"9baea8f\" data-element_type=\"widget\" data-widget_type=\"heading.default\">\n\t\t\t\t<div class=\"elementor-widget-container\">\n\t\t\t\t\t<h2 class=\"elementor-heading-title elementor-size-default\">\u00bfLISTO PARA COLOREAR? \u00a1Empecemos!<\/h2>\t\t\t\t<\/div>\n\t\t\t\t<\/div>\n\t\t\t\t<div class=\"elementor-element elementor-element-1bae4fa elementor-widget elementor-widget-html\" data-id=\"1bae4fa\" data-element_type=\"widget\" data-widget_type=\"html.default\">\n\t\t\t\t<div class=\"elementor-widget-container\">\n\t\t\t\t\t<iframe class=\"responsive-iframe\" src=\"https:\/\/phpstack-620899-2422308.cloudwaysapps.com\/kids\/?v=2024\" width=\"978px\" height=\"550px\" border=\"0\" sandbox=\"allow-scripts allow-forms allow-same-origin allow-top-navigation allow-popups\"><\/iframe>\t\t\t\t<\/div>\n\t\t\t\t<\/div>\n\t\t\t\t\t<\/div>\n\t\t\t\t<\/div>\n\t\t<div class=\"elementor-element elementor-element-fdae075 e-con-full content e-flex e-con e-parent\" data-id=\"fdae075\" data-element_type=\"container\">\n\t\t\t\t<div class=\"elementor-element elementor-element-a8a6f01 elementor-widget elementor-widget-heading\" data-id=\"a8a6f01\" data-element_type=\"widget\" data-widget_type=\"heading.default\">\n\t\t\t\t<div class=\"elementor-widget-container\">\n\t\t\t\t\t<h2 class=\"elementor-heading-title elementor-size-default\">\u00a1Descarg\u00e1 nuestros dibujos y pint\u00e1 como m\u00e1s te guste!\n<\/h2>\t\t\t\t<\/div>\n\t\t\t\t<\/div>\n\t\t\t\t<\/div>\n\t\t<div class=\"elementor-element elementor-element-15202ba6 e-con-full content e-flex e-con e-parent\" data-id=\"15202ba6\" data-element_type=\"container\">\n\t\t<div class=\"elementor-element elementor-element-5f907942 e-con-full e-flex e-con e-child\" data-id=\"5f907942\" data-element_type=\"container\" data-settings=\"{&quot;background_background&quot;:&quot;classic&quot;}\">\n\t\t\t\t<div class=\"elementor-element elementor-element-3fb76833 elementor-widget elementor-widget-html\" data-id=\"3fb76833\" data-element_type=\"widget\" data-widget_type=\"html.default\">\n\t\t\t\t<div class=\"elementor-widget-container\">\n\t\t\t\t\t<a class=\"primary-button\" href=\"https:\/\/www.valtra.com.br\/content\/dam\/public\/valtra\/pt-br\/sobre-valtra\/valtra-kids\/02_valtra-kids.pdf\" target=\"_blank\" download=\"Trator-BH.jpg\">Download<\/a>\r\n\t\t\t\t<\/div>\n\t\t\t\t<\/div>\n\t\t\t\t<\/div>\n\t\t<div class=\"elementor-element elementor-element-cb19b15 e-con-full e-flex e-con e-child\" data-id=\"cb19b15\" data-element_type=\"container\" data-settings=\"{&quot;background_background&quot;:&quot;classic&quot;}\">\n\t\t\t\t<div class=\"elementor-element elementor-element-5b06743 elementor-widget elementor-widget-html\" data-id=\"5b06743\" data-element_type=\"widget\" data-widget_type=\"html.default\">\n\t\t\t\t<div class=\"elementor-widget-container\">\n\t\t\t\t\t<a class=\"primary-button\" href=\"https:\/\/www.valtra.com.br\/content\/dam\/public\/valtra\/pt-br\/sobre-valtra\/valtra-kids\/03_valtra-kids.pdf\" target=\"_blank\" download=\"Trator-BH.jpg\">Download<\/a>\r\n\t\t\t\t<\/div>\n\t\t\t\t<\/div>\n\t\t\t\t<\/div>\n\t\t<div class=\"elementor-element elementor-element-050911e e-con-full e-flex e-con e-child\" data-id=\"050911e\" data-element_type=\"container\" data-settings=\"{&quot;background_background&quot;:&quot;classic&quot;}\">\n\t\t\t\t<div class=\"elementor-element elementor-element-2a087d0 elementor-widget elementor-widget-html\" data-id=\"2a087d0\" data-element_type=\"widget\" data-widget_type=\"html.default\">\n\t\t\t\t<div class=\"elementor-widget-container\">\n\t\t\t\t\t<a class=\"primary-button\" href=\"https:\/\/www.valtra.com.br\/content\/dam\/public\/valtra\/pt-br\/sobre-valtra\/valtra-kids\/04_valtra-kids.pdf\" target=\"_blank\" download=\"Trator-BH.jpg\">Download<\/a>\r\n\t\t\t\t<\/div>\n\t\t\t\t<\/div>\n\t\t\t\t<\/div>\n\t\t<div class=\"elementor-element elementor-element-d7451eb e-con-full e-flex e-con e-child\" data-id=\"d7451eb\" data-element_type=\"container\" data-settings=\"{&quot;background_background&quot;:&quot;classic&quot;}\">\n\t\t\t\t<div class=\"elementor-element elementor-element-16e263f elementor-widget elementor-widget-html\" data-id=\"16e263f\" data-element_type=\"widget\" data-widget_type=\"html.default\">\n\t\t\t\t<div class=\"elementor-widget-container\">\n\t\t\t\t\t<a class=\"primary-button\" href=\"https:\/\/www.valtra.com.br\/content\/dam\/public\/valtra\/pt-br\/sobre-valtra\/valtra-kids\/05_valtra-kids.pdf\" target=\"_blank\" download=\"Trator-BH.jpg\">Download<\/a>\r\n\t\t\t\t<\/div>\n\t\t\t\t<\/div>\n\t\t\t\t<\/div>\n\t\t<div class=\"elementor-element elementor-element-8ca35e0 e-con-full e-flex e-con e-child\" data-id=\"8ca35e0\" data-element_type=\"container\" data-settings=\"{&quot;background_background&quot;:&quot;classic&quot;}\">\n\t\t\t\t<div class=\"elementor-element elementor-element-caa9884 elementor-widget elementor-widget-html\" data-id=\"caa9884\" data-element_type=\"widget\" data-widget_type=\"html.default\">\n\t\t\t\t<div class=\"elementor-widget-container\">\n\t\t\t\t\t<a class=\"primary-button\" href=\"https:\/\/www.valtra.com.br\/content\/dam\/public\/valtra\/pt-br\/sobre-valtra\/valtra-kids\/VAL_valtra-kids_1.pdf\" target=\"_blank\" download=\"Trator-BH.jpg\">Download<\/a>\r\n\t\t\t\t<\/div>\n\t\t\t\t<\/div>\n\t\t\t\t<\/div>\n\t\t<div class=\"elementor-element elementor-element-1a42b38 e-con-full e-flex e-con e-child\" data-id=\"1a42b38\" data-element_type=\"container\" data-settings=\"{&quot;background_background&quot;:&quot;classic&quot;}\">\n\t\t\t\t<div class=\"elementor-element elementor-element-3e1a7e6 elementor-widget elementor-widget-html\" data-id=\"3e1a7e6\" data-element_type=\"widget\" data-widget_type=\"html.default\">\n\t\t\t\t<div class=\"elementor-widget-container\">\n\t\t\t\t\t<a class=\"primary-button\" href=\"https:\/\/www.valtra.com.br\/content\/dam\/public\/valtra\/pt-br\/sobre-valtra\/valtra-kids\/VAL_valtra-kids_2.pdf\" target=\"_blank\" download=\"Trator-BH.jpg\">Download<\/a>\r\n\t\t\t\t<\/div>\n\t\t\t\t<\/div>\n\t\t\t\t<\/div>\n\t\t<div class=\"elementor-element elementor-element-bc1e138 e-con-full e-flex e-con e-child\" data-id=\"bc1e138\" data-element_type=\"container\" data-settings=\"{&quot;background_background&quot;:&quot;classic&quot;}\">\n\t\t\t\t<div class=\"elementor-element elementor-element-a6fe425 elementor-widget elementor-widget-html\" data-id=\"a6fe425\" data-element_type=\"widget\" data-widget_type=\"html.default\">\n\t\t\t\t<div class=\"elementor-widget-container\">\n\t\t\t\t\t<a class=\"primary-button\" href=\"https:\/\/www.valtra.com.br\/content\/dam\/public\/valtra\/pt-br\/sobre-valtra\/valtra-kids\/VAL_valtra-kids_3.pdf\" target=\"_blank\" download=\"Trator-BH.jpg\">Download<\/a>\r\n\t\t\t\t<\/div>\n\t\t\t\t<\/div>\n\t\t\t\t<\/div>\n\t\t<div class=\"elementor-element elementor-element-fa7c8e3 e-con-full e-flex e-con e-child\" data-id=\"fa7c8e3\" data-element_type=\"container\" data-settings=\"{&quot;background_background&quot;:&quot;classic&quot;}\">\n\t\t\t\t<div class=\"elementor-element elementor-element-523e03d elementor-widget elementor-widget-html\" data-id=\"523e03d\" data-element_type=\"widget\" data-widget_type=\"html.default\">\n\t\t\t\t<div class=\"elementor-widget-container\">\n\t\t\t\t\t<a class=\"primary-button\" href=\"https:\/\/www.valtra.com.br\/content\/dam\/public\/valtra\/pt-br\/sobre-valtra\/valtra-kids\/VALTER_valtra-kids_1.pdf\" target=\"_blank\" download=\"Trator-BH.jpg\">Download<\/a>\r\n\t\t\t\t<\/div>\n\t\t\t\t<\/div>\n\t\t\t\t<\/div>\n\t\t<div class=\"elementor-element elementor-element-862331a e-con-full e-flex e-con e-child\" data-id=\"862331a\" data-element_type=\"container\" data-settings=\"{&quot;background_background&quot;:&quot;classic&quot;}\">\n\t\t\t\t<div class=\"elementor-element elementor-element-8ba5c81 elementor-widget elementor-widget-html\" data-id=\"8ba5c81\" data-element_type=\"widget\" data-widget_type=\"html.default\">\n\t\t\t\t<div class=\"elementor-widget-container\">\n\t\t\t\t\t<a class=\"primary-button\" href=\"https:\/\/www.valtra.com.br\/content\/dam\/public\/valtra\/pt-br\/sobre-valtra\/valtra-kids\/VALTER_valtra-kids_2.pdf\" target=\"_blank\" download=\"Trator-BH.jpg\">Download<\/a>\r\n\t\t\t\t<\/div>\n\t\t\t\t<\/div>\n\t\t\t\t<\/div>\n\t\t<div class=\"elementor-element elementor-element-47305c7 e-con-full e-flex e-con e-child\" data-id=\"47305c7\" data-element_type=\"container\" data-settings=\"{&quot;background_background&quot;:&quot;classic&quot;}\">\n\t\t\t\t<div class=\"elementor-element elementor-element-1471cbd elementor-widget elementor-widget-html\" data-id=\"1471cbd\" data-element_type=\"widget\" data-widget_type=\"html.default\">\n\t\t\t\t<div class=\"elementor-widget-container\">\n\t\t\t\t\t<a class=\"primary-button\" href=\"https:\/\/www.valtra.com.br\/content\/dam\/public\/valtra\/pt-br\/sobre-valtra\/valtra-kids\/VALTECH_valtra-kids_1.pdf\" target=\"_blank\" download=\"Trator-BH.jpg\">Download<\/a>\r\n\t\t\t\t<\/div>\n\t\t\t\t<\/div>\n\t\t\t\t<\/div>\n\t\t<div class=\"elementor-element elementor-element-3b5ebe0 e-con-full e-flex e-con e-child\" data-id=\"3b5ebe0\" data-element_type=\"container\" data-settings=\"{&quot;background_background&quot;:&quot;classic&quot;}\">\n\t\t\t\t<div class=\"elementor-element elementor-element-2e2e927 elementor-widget elementor-widget-html\" data-id=\"2e2e927\" data-element_type=\"widget\" data-widget_type=\"html.default\">\n\t\t\t\t<div class=\"elementor-widget-container\">\n\t\t\t\t\t<a class=\"primary-button\" href=\"https:\/\/www.valtra.com.br\/content\/dam\/public\/valtra\/pt-br\/sobre-valtra\/valtra-kids\/VALTECH_valtra-kids_2.pdf\" target=\"_blank\" download=\"Trator-BH.jpg\">Download<\/a>\r\n\t\t\t\t<\/div>\n\t\t\t\t<\/div>\n\t\t\t\t<\/div>\n\t\t<div class=\"elementor-element elementor-element-7c7597f e-con-full e-flex e-con e-child\" data-id=\"7c7597f\" data-element_type=\"container\" data-settings=\"{&quot;background_background&quot;:&quot;classic&quot;}\">\n\t\t\t\t<div class=\"elementor-element elementor-element-0f60bfb elementor-widget elementor-widget-html\" data-id=\"0f60bfb\" data-element_type=\"widget\" data-widget_type=\"html.default\">\n\t\t\t\t<div class=\"elementor-widget-container\">\n\t\t\t\t\t<a class=\"primary-button\" href=\"https:\/\/www.valtra.com.br\/content\/dam\/public\/valtra\/pt-br\/sobre-valtra\/valtra-kids\/VALTECH_valtra-kids_3.pdf\" target=\"_blank\" download=\"Trator-BH.jpg\">Download<\/a>\r\n\t\t\t\t<\/div>\n\t\t\t\t<\/div>\n\t\t\t\t<\/div>\n\t\t\t\t<\/div>\n\t\t\t\t<\/div>","protected":false},"excerpt":{"rendered":"<p>Reverse Challenge \u00a1Tu objetivo es competir con el tractor en una carrera a lo largo del recorrido. Diversi\u00f3n para toda la familia! SABER M\u00c1S \u00bfLISTO PARA COLOREAR? \u00a1Empecemos! \u00a1Descarg\u00e1 nuestros dibujos y pint\u00e1 como m\u00e1s te guste! Download Download Download Download Download Download Download Download Download Download Download Download<\/p>","protected":false},"author":1,"featured_media":0,"parent":0,"menu_order":0,"comment_status":"closed","ping_status":"closed","template":"","meta":{"_acf_changed":false,"footnotes":""},"class_list":["post-893","page","type-page","status-publish","hentry"],"acf":[],"featured_image_src":null,"featured_image_src_square":null,"_links":{"self":[{"href":"https:\/\/agroprecisa.valtraar.math.group\/es\/wp-json\/wp\/v2\/pages\/893","targetHints":{"allow":["GET"]}}],"collection":[{"href":"https:\/\/agroprecisa.valtraar.math.group\/es\/wp-json\/wp\/v2\/pages"}],"about":[{"href":"https:\/\/agroprecisa.valtraar.math.group\/es\/wp-json\/wp\/v2\/types\/page"}],"author":[{"embeddable":true,"href":"https:\/\/agroprecisa.valtraar.math.group\/es\/wp-json\/wp\/v2\/users\/1"}],"replies":[{"embeddable":true,"href":"https:\/\/agroprecisa.valtraar.math.group\/es\/wp-json\/wp\/v2\/comments?post=893"}],"version-history":[{"count":0,"href":"https:\/\/agroprecisa.valtraar.math.group\/es\/wp-json\/wp\/v2\/pages\/893\/revisions"}],"wp:attachment":[{"href":"https:\/\/agroprecisa.valtraar.math.group\/es\/wp-json\/wp\/v2\/media?parent=893"}],"curies":[{"name":"wp","href":"https:\/\/api.w.org\/{rel}","templated":true}]}}