{"id":25,"date":"2025-01-24T16:00:39","date_gmt":"2025-01-24T19:00:39","guid":{"rendered":"https:\/\/padraovhml.tech.math.group\/?page_id=25"},"modified":"2025-06-24T17:33:56","modified_gmt":"2025-06-24T20:33:56","slug":"quem-somos","status":"publish","type":"page","link":"https:\/\/agroprecisa.valtraar.math.group\/es\/quienes-somos\/","title":{"rendered":"Qui\u00e9nes somos"},"content":{"rendered":"<div data-elementor-type=\"wp-page\" data-elementor-id=\"25\" class=\"elementor elementor-25\">\n\t\t\t\t<div class=\"elementor-element elementor-element-3f8a5de e-con-full main-title e-flex e-con e-parent\" data-id=\"3f8a5de\" data-element_type=\"container\" data-settings=\"{&quot;background_background&quot;:&quot;classic&quot;}\">\n\t\t\t\t<div class=\"elementor-element elementor-element-519c6668 elementor-widget elementor-widget-text-editor\" data-id=\"519c6668\" data-element_type=\"widget\" data-widget_type=\"text-editor.default\">\n\t\t\t\t<div class=\"elementor-widget-container\">\n\t\t\t\t\t\t\t\t\t<p>AGROPRECISA<\/p>\t\t\t\t\t\t\t\t<\/div>\n\t\t\t\t<\/div>\n\t\t\t\t<\/div>\n\t\t<div class=\"elementor-element elementor-element-5ac1300e e-con-full content e-flex e-con e-parent\" data-id=\"5ac1300e\" data-element_type=\"container\">\n\t\t\t\t<div class=\"elementor-element elementor-element-1dd7121 main-title with-separator elementor-widget elementor-widget-heading\" data-id=\"1dd7121\" data-element_type=\"widget\" data-widget_type=\"heading.default\">\n\t\t\t\t<div class=\"elementor-widget-container\">\n\t\t\t\t\t<span class=\"elementor-heading-title elementor-size-default\">Institucional<\/span>\t\t\t\t<\/div>\n\t\t\t\t<\/div>\n\t\t\t\t<\/div>\n\t\t<div class=\"elementor-element elementor-element-64b514c8 e-flex e-con-boxed e-con e-parent\" data-id=\"64b514c8\" data-element_type=\"container\">\n\t\t\t\t\t<div class=\"e-con-inner\">\n\t\t\t\t<div class=\"elementor-element elementor-element-7a868083 elementor-widget elementor-widget-text-editor\" data-id=\"7a868083\" data-element_type=\"widget\" data-widget_type=\"text-editor.default\">\n\t\t\t\t<div class=\"elementor-widget-container\">\n\t\t\t\t\t\t\t\t\t<p>Una marca internacional con m\u00e1s de 50 a\u00f1os<\/p><p>Hace m\u00e1s de cuatro d\u00e9cadas. Valtra Inc. (Empresa europea ubicada en Finlandia) funda Valtra do Brasil S.A. Ambas vienen ocupando una posici\u00f3n destacada en el segmento de tractores agr\u00edcolas, principalmente en Escandinavia y Am\u00e9rica del Sur. Esta fuerte presencia en un mercado tan competitivo e integrada, teniendo siempre como objetivo principal atender a las necesidades de nuestros clientes.<\/p><p>Vocaci\u00f3n para innovar<\/p><p>Creer en el desarrollo y en la aplicaci\u00f3n de los conceptos m\u00e1s modernos y avanzados, siempre considerando la importancia de las soluciones m\u00e1s tradicionales ha sido nuestro desaf\u00edo en este largo camino. Para ello, contamos con el mejor equipo t\u00e9cnico disponible en el mercado, un sistema flexible de manufactura y el uso de la inf\u00f3rmatica desde el proyecto hasta la fabricaci\u00f3n.<\/p><p>Valtra en Resumen<\/p><p><strong>Producci\u00f3n Personalizada<\/strong><br \/>La producci\u00f3n de los tractores Valtra est\u00e1 basada en un sistema r\u00e1pido y eficiente de pedido personalizado por el cliente.<br \/>Los tractores Valtra sen montados en m\u00f3dulos conforme el deseo de los clientes, o sea, todos los tractores son hechos bajo encargo y especificaciones decididas por el comprador.<br \/>Los clientes reconocen los importantes beneficios de esta aproximaci\u00f3n, y cada vez m\u00e1s visitan la f\u00e1brica para ver los tractores siendo montados.<\/p><p><strong>Productos<\/strong><br \/>Los productos de Valtra son tractores agr\u00edcolas de calidad superior en la franja entre 65-180 cv. Los componentes fundamentales son desarrollados y producidos por la propia empresa. La gran cantidad de estructuras y m\u00f3dulos permite producir alrededor de medio mill\u00f3n de variaciones de productos diferentes.<\/p><p><strong>F\u00e1bricas<\/strong><br \/>Las f\u00e1bricas de tractores est\u00e1n situadas en Suolahti y Nokia en Finlandia, y en Mogi das Cruzes, en Brasil.<br \/>La f\u00e1brica de motores Diesel de Valtra es especializada en fabricar motores para uso agr\u00edcola. Una parte considerable de la producci\u00f3n se entrega a otros fabricantes agr\u00edcolas y de m\u00e1quinas de construcci\u00f3n alrededor del mundo.<\/p><p>Esta presentaci\u00f3n le ofrece una panor\u00e1mica completa de la historia de Valtra, desde las ra\u00edces de la compa\u00f1\u00eda en Suecia y Finlandia hasta nuestros d\u00edas.<br \/><a href=\"http:\/\/history.valtra.com\/index.php?lang=es\" target=\"_blank\" rel=\"noopener\">Vea aqu\u00ed la presentaci\u00f3n de la historia de Valtra<\/a>\u00a0<\/p><p><span id=\"result_box\" lang=\"es\"><span class=\"hps\">Visite los sitios<\/span>\u00a0<span class=\"hps\">y<\/span>\u00a0<span class=\"hps\"><a href=\"http:\/\/www.agcocorp.com\/\">http:\/\/www.agcocorp.com<\/a>\u00a0<\/span><\/span><\/p><p><span id=\"result_box\" lang=\"es\"><span class=\"hps\"><a href=\"http:\/\/www.agco.com.ar\/\">http:\/\/www.agco.com.ar<\/a><\/span><\/span><\/p>\t\t\t\t\t\t\t\t<\/div>\n\t\t\t\t<\/div>\n\t\t\t\t<div class=\"elementor-element elementor-element-4a43baaf elementor-align-left elementor-widget elementor-widget-button\" data-id=\"4a43baaf\" data-element_type=\"widget\" data-widget_type=\"button.default\">\n\t\t\t\t<div class=\"elementor-widget-container\">\n\t\t\t\t\t\t\t\t\t<div class=\"elementor-button-wrapper\">\n\t\t\t\t\t<a class=\"elementor-button elementor-button-link elementor-size-sm\" href=\"https:\/\/www.agco.com.ar\/\">\n\t\t\t\t\t\t<span class=\"elementor-button-content-wrapper\">\n\t\t\t\t\t\t\t\t\t<span class=\"elementor-button-text\">Conocer m\u00e1s dde agco<\/span>\n\t\t\t\t\t<\/span>\n\t\t\t\t\t<\/a>\n\t\t\t\t<\/div>\n\t\t\t\t\t\t\t\t<\/div>\n\t\t\t\t<\/div>\n\t\t\t\t\t<\/div>\n\t\t\t\t<\/div>\n\t\t\t\t<\/div>","protected":false},"excerpt":{"rendered":"<p>Institucional Una marca internacional con m\u00e1s de 50 a\u00f1os Hace m\u00e1s de cuatro d\u00e9cadas. Valtra Inc. (Empresa europea ubicada en Finlandia) funda Valtra do Brasil S.A. Ambas vienen ocupando una posici\u00f3n destacada en el segmento de tractores agr\u00edcolas, principalmente en Escandinavia y Am\u00e9rica del Sur. Esta fuerte presencia en un mercado tan competitivo e integrada, [&hellip;]<\/p>\n","protected":false},"author":1,"featured_media":0,"parent":0,"menu_order":0,"comment_status":"closed","ping_status":"closed","template":"","meta":{"_acf_changed":false,"footnotes":""},"class_list":["post-25","page","type-page","status-publish","hentry"],"acf":[],"featured_image_src":null,"featured_image_src_square":null,"_links":{"self":[{"href":"https:\/\/agroprecisa.valtraar.math.group\/es\/wp-json\/wp\/v2\/pages\/25","targetHints":{"allow":["GET"]}}],"collection":[{"href":"https:\/\/agroprecisa.valtraar.math.group\/es\/wp-json\/wp\/v2\/pages"}],"about":[{"href":"https:\/\/agroprecisa.valtraar.math.group\/es\/wp-json\/wp\/v2\/types\/page"}],"author":[{"embeddable":true,"href":"https:\/\/agroprecisa.valtraar.math.group\/es\/wp-json\/wp\/v2\/users\/1"}],"replies":[{"embeddable":true,"href":"https:\/\/agroprecisa.valtraar.math.group\/es\/wp-json\/wp\/v2\/comments?post=25"}],"version-history":[{"count":0,"href":"https:\/\/agroprecisa.valtraar.math.group\/es\/wp-json\/wp\/v2\/pages\/25\/revisions"}],"wp:attachment":[{"href":"https:\/\/agroprecisa.valtraar.math.group\/es\/wp-json\/wp\/v2\/media?parent=25"}],"curies":[{"name":"wp","href":"https:\/\/api.w.org\/{rel}","templated":true}]}}