{"id":240,"date":"2025-02-06T14:02:26","date_gmt":"2025-02-06T17:02:26","guid":{"rendered":"https:\/\/padraovhml.tech.math.group\/?page_id=240"},"modified":"2025-04-28T09:34:35","modified_gmt":"2025-04-28T12:34:35","slug":"citrus","status":"publish","type":"page","link":"https:\/\/agroprecisa.valtraar.math.group\/es\/citrus\/","title":{"rendered":"Citrus"},"content":{"rendered":"<div data-elementor-type=\"wp-page\" data-elementor-id=\"240\" class=\"elementor elementor-240\">\n\t\t\t\t<div class=\"elementor-element elementor-element-2dfb576a e-con-full main-title  e-flex e-con e-parent\" data-id=\"2dfb576a\" data-element_type=\"container\" data-settings=\"{&quot;background_background&quot;:&quot;classic&quot;}\">\n\t\t\t\t<div class=\"elementor-element elementor-element-fcff369 content elementor-widget elementor-widget-heading\" data-id=\"fcff369\" data-element_type=\"widget\" data-widget_type=\"heading.default\">\n\t\t\t\t<div class=\"elementor-widget-container\">\n\t\t\t\t\t<h1 class=\"elementor-heading-title elementor-size-default\">De la floraci\u00f3n a la cosecha,\n<\/h1>\t\t\t\t<\/div>\n\t\t\t\t<\/div>\n\t\t\t\t<div class=\"elementor-element elementor-element-b75a948 content elementor-widget elementor-widget-heading\" data-id=\"b75a948\" data-element_type=\"widget\" data-widget_type=\"heading.default\">\n\t\t\t\t<div class=\"elementor-widget-container\">\n\t\t\t\t\t<h2 class=\"elementor-heading-title elementor-size-default\">m\u00e1xima productividad y alta disponibilidad\n<br>\ncon los productos Valtra\n\n<br><\/h2>\t\t\t\t<\/div>\n\t\t\t\t<\/div>\n\t\t\t\t<\/div>\n\t\t<div class=\"elementor-element elementor-element-2865bf8e e-con-full content e-flex e-con e-parent\" data-id=\"2865bf8e\" data-element_type=\"container\">\n\t\t\t\t<div class=\"elementor-element elementor-element-71b65fda main-title with-separator elementor-widget elementor-widget-heading\" data-id=\"71b65fda\" data-element_type=\"widget\" data-widget_type=\"heading.default\">\n\t\t\t\t<div class=\"elementor-widget-container\">\n\t\t\t\t\t<span class=\"elementor-heading-title elementor-size-default\">SOLUCIONES POR CULTIVO: C\u00cdTRICOS\n\n<\/span>\t\t\t\t<\/div>\n\t\t\t\t<\/div>\n\t\t\t\t<\/div>\n\t\t<div class=\"elementor-element elementor-element-20663706 e-con-full content e-flex e-con e-parent\" data-id=\"20663706\" data-element_type=\"container\">\n\t\t<div class=\"elementor-element elementor-element-31e42618 e-con-full e-flex e-con e-child\" data-id=\"31e42618\" data-element_type=\"container\">\n\t\t\t\t<div class=\"elementor-element elementor-element-7232b696 elementor-widget elementor-widget-text-editor\" data-id=\"7232b696\" data-element_type=\"widget\" data-widget_type=\"text-editor.default\">\n\t\t\t\t<div class=\"elementor-widget-container\">\n\t\t\t\t\t\t\t\t\t<div class=\"liftblockcomp aem-GridColumn aem-GridColumn--default--12\"><div class=\"liftblock liftblock--half liftblock--right\"><div class=\"liftblock__wrap\"><div class=\"liftblock__text\"><div class=\"liftblock__text-wrap\"><div class=\"liftblock__description\"><p class=\"\" data-start=\"44\" data-end=\"310\">Brasil es l\u00edder mundial en la producci\u00f3n de frutas c\u00edtricas y en la exportaci\u00f3n de jugo concentrado de naranja. Valtra sigue de cerca los principales desaf\u00edos de los citricultores, ofreciendo soluciones que facilitan la rutina y aumentan la productividad del sector.<\/p><p class=\"\" data-start=\"312\" data-end=\"634\">Desde la floraci\u00f3n hasta la cosecha, conf\u00ede en productos de alta disponibilidad y confiabilidad que atender\u00e1n la alta demanda de manejo del suelo, trabajos culturales y dem\u00e1s actividades durante todo el a\u00f1o de operaci\u00f3n intensiva. Obtenga resultados superiores en salud, calidad y sostenibilidad de su cultivo de c\u00edtricos.<\/p><\/div><\/div><\/div><\/div><\/div><\/div>\t\t\t\t\t\t\t\t<\/div>\n\t\t\t\t<\/div>\n\t\t\t\t<\/div>\n\t\t<div class=\"elementor-element elementor-element-3dc29ee7 e-con-full e-flex elementor-invisible e-con e-child\" data-id=\"3dc29ee7\" data-element_type=\"container\" data-settings=\"{&quot;animation&quot;:&quot;fadeInRight&quot;}\">\n\t\t\t\t<div class=\"elementor-element elementor-element-504cabfd elementor-widget elementor-widget-image\" data-id=\"504cabfd\" data-element_type=\"widget\" data-widget_type=\"image.default\">\n\t\t\t\t<div class=\"elementor-widget-container\">\n\t\t\t\t\t\t\t\t\t\t\t\t\t\t\t<img fetchpriority=\"high\" decoding=\"async\" width=\"800\" height=\"533\" src=\"https:\/\/agroprecisa.valtraar.math.group\/wp-content\/uploads\/sites\/22\/2025\/02\/citrus_01.jpg\" class=\"attachment-large size-large wp-image-242\" alt=\"\" srcset=\"https:\/\/agroprecisa.valtraar.math.group\/wp-content\/uploads\/sites\/22\/2025\/02\/citrus_01.jpg 800w, https:\/\/agroprecisa.valtraar.math.group\/wp-content\/uploads\/sites\/22\/2025\/02\/citrus_01-300x200.jpg 300w, https:\/\/agroprecisa.valtraar.math.group\/wp-content\/uploads\/sites\/22\/2025\/02\/citrus_01-768x512.jpg 768w, https:\/\/agroprecisa.valtraar.math.group\/wp-content\/uploads\/sites\/22\/2025\/02\/citrus_01-600x400.jpg 600w\" sizes=\"(max-width: 800px) 100vw, 800px\" \/>\t\t\t\t\t\t\t\t\t\t\t\t\t\t\t<\/div>\n\t\t\t\t<\/div>\n\t\t\t\t<\/div>\n\t\t\t\t<\/div>\n\t\t<div class=\"elementor-element elementor-element-721237df e-con-full content e-flex e-con e-parent\" data-id=\"721237df\" data-element_type=\"container\">\n\t\t\t\t<div class=\"elementor-element elementor-element-70ed1129 main-title with-separator elementor-widget elementor-widget-heading\" data-id=\"70ed1129\" data-element_type=\"widget\" data-widget_type=\"heading.default\">\n\t\t\t\t<div class=\"elementor-widget-container\">\n\t\t\t\t\t<span class=\"elementor-heading-title elementor-size-default\">Descubra algunos de los destacados consagrados para su producci\u00f3n:\n\n<\/span>\t\t\t\t<\/div>\n\t\t\t\t<\/div>\n\t\t\t\t<\/div>\n\t\t<div class=\"elementor-element elementor-element-22cf2640 e-con-full content e-flex e-con e-parent\" data-id=\"22cf2640\" data-element_type=\"container\">\n\t\t<div class=\"elementor-element elementor-element-18d70017 e-con-full e-flex elementor-invisible e-con e-child\" data-id=\"18d70017\" data-element_type=\"container\" data-settings=\"{&quot;animation&quot;:&quot;fadeInLeft&quot;}\">\n\t\t\t\t<div class=\"elementor-element elementor-element-6ca9fc41 elementor-widget elementor-widget-image\" data-id=\"6ca9fc41\" data-element_type=\"widget\" data-widget_type=\"image.default\">\n\t\t\t\t<div class=\"elementor-widget-container\">\n\t\t\t\t\t\t\t\t\t\t\t\t\t\t\t<img decoding=\"async\" width=\"600\" height=\"600\" src=\"https:\/\/agroprecisa.valtraar.math.group\/wp-content\/uploads\/sites\/22\/2025\/02\/familiar_02-600x600.jpg\" class=\"attachment-gb-block-post-grid-square size-gb-block-post-grid-square wp-image-243\" alt=\"\" srcset=\"https:\/\/agroprecisa.valtraar.math.group\/wp-content\/uploads\/sites\/22\/2025\/02\/familiar_02-600x600.jpg 600w, https:\/\/agroprecisa.valtraar.math.group\/wp-content\/uploads\/sites\/22\/2025\/02\/familiar_02-300x300.jpg 300w, https:\/\/agroprecisa.valtraar.math.group\/wp-content\/uploads\/sites\/22\/2025\/02\/familiar_02-150x150.jpg 150w, https:\/\/agroprecisa.valtraar.math.group\/wp-content\/uploads\/sites\/22\/2025\/02\/familiar_02-768x768.jpg 768w, https:\/\/agroprecisa.valtraar.math.group\/wp-content\/uploads\/sites\/22\/2025\/02\/familiar_02.jpg 800w\" sizes=\"(max-width: 600px) 100vw, 600px\" \/>\t\t\t\t\t\t\t\t\t\t\t\t\t\t\t<\/div>\n\t\t\t\t<\/div>\n\t\t\t\t<\/div>\n\t\t<div class=\"elementor-element elementor-element-3010f91e e-con-full e-flex e-con e-child\" data-id=\"3010f91e\" data-element_type=\"container\">\n\t\t\t\t<div class=\"elementor-element elementor-element-84e665 main-subtitle elementor-widget elementor-widget-heading\" data-id=\"84e665\" data-element_type=\"widget\" data-widget_type=\"heading.default\">\n\t\t\t\t<div class=\"elementor-widget-container\">\n\t\t\t\t\t<span class=\"elementor-heading-title elementor-size-default\">L\u00ednea A2R\n<\/span>\t\t\t\t<\/div>\n\t\t\t\t<\/div>\n\t\t\t\t<div class=\"elementor-element elementor-element-ce1178c elementor-widget elementor-widget-text-editor\" data-id=\"ce1178c\" data-element_type=\"widget\" data-widget_type=\"text-editor.default\">\n\t\t\t\t<div class=\"elementor-widget-container\">\n\t\t\t\t\t\t\t\t\t<p>Los tractores de la <a href=\"\/es\/productos\/tratores\/serie-a2r\/\">Serie A2R<\/a> de Valtra cuentan con transmisi\u00f3n mec\u00e1nica dirigida a citricultores que necesitan un equipo confiable, de alta potencia, duradero y econ\u00f3mico, con una excelente relaci\u00f3n calidad-precio. La serie atiende la operaci\u00f3n de c\u00edtricos con la misma eficiencia que modelos m\u00e1s grandes, y tambi\u00e9n est\u00e1 indicada para servicios generales, como transporte de frutas e insumos, poda de huertos o mantenimientos en la sede. Un tractor simple, pero con toda la garant\u00eda y confiabilidad de un Valtra.<\/p>\t\t\t\t\t\t\t\t<\/div>\n\t\t\t\t<\/div>\n\t\t\t\t<div class=\"elementor-element elementor-element-3ad1a125 elementor-align-left elementor-widget elementor-widget-button\" data-id=\"3ad1a125\" data-element_type=\"widget\" data-widget_type=\"button.default\">\n\t\t\t\t<div class=\"elementor-widget-container\">\n\t\t\t\t\t\t\t\t\t<div class=\"elementor-button-wrapper\">\n\t\t\t\t\t<a class=\"elementor-button elementor-button-link elementor-size-sm\" href=\"\/es\/productos\/tratores\/serie-a2r\/\">\n\t\t\t\t\t\t<span class=\"elementor-button-content-wrapper\">\n\t\t\t\t\t\t\t\t\t<span class=\"elementor-button-text\">SABER M\u00c1S<\/span>\n\t\t\t\t\t<\/span>\n\t\t\t\t\t<\/a>\n\t\t\t\t<\/div>\n\t\t\t\t\t\t\t\t<\/div>\n\t\t\t\t<\/div>\n\t\t\t\t<\/div>\n\t\t\t\t<\/div>\n\t\t<div class=\"elementor-element elementor-element-7fe3f77a e-con-full content e-flex e-con e-parent\" data-id=\"7fe3f77a\" data-element_type=\"container\">\n\t\t<div class=\"elementor-element elementor-element-39a5a82a e-con-full e-flex e-con e-child\" data-id=\"39a5a82a\" data-element_type=\"container\">\n\t\t\t\t<div class=\"elementor-element elementor-element-7c41466a main-subtitle elementor-widget elementor-widget-heading\" data-id=\"7c41466a\" data-element_type=\"widget\" data-widget_type=\"heading.default\">\n\t\t\t\t<div class=\"elementor-widget-container\">\n\t\t\t\t\t<span class=\"elementor-heading-title elementor-size-default\">L\u00ednea A3F\n<\/span>\t\t\t\t<\/div>\n\t\t\t\t<\/div>\n\t\t\t\t<div class=\"elementor-element elementor-element-731cafa4 elementor-widget elementor-widget-text-editor\" data-id=\"731cafa4\" data-element_type=\"widget\" data-widget_type=\"text-editor.default\">\n\t\t\t\t<div class=\"elementor-widget-container\">\n\t\t\t\t\t\t\t\t\t<p class=\"\" data-start=\"44\" data-end=\"409\">La serie de tractores <strong data-start=\"66\" data-end=\"73\">A3F<\/strong> est\u00e1 preparada para enfrentar los desaf\u00edos de una operaci\u00f3n de c\u00edtricos, entregando alta disponibilidad y robustez para trabajar tantas horas como sea necesario con el menor n\u00famero de puntos vulnerables del mercado. Es un tractor estrecho, pero robusto, de alta tecnolog\u00eda y con capacidad para trabajos severos y m\u00e1xima disponibilidad.<\/p><p class=\"\" data-start=\"411\" data-end=\"855\">El sistema hidr\u00e1ulico tambi\u00e9n fue especialmente desarrollado teniendo en cuenta los desaf\u00edos del cultivo: su <strong data-start=\"520\" data-end=\"618\">levante de 3 puntos con ajuste independiente de flujo tiene la mayor capacidad de su categor\u00eda<\/strong>, garantizando un flujo continuo y la toma de potencia para cualquier implemento. La serie tambi\u00e9n atiende las demandas de los citricultores en cuanto a mantenimiento, con puntos de f\u00e1cil acceso a los principales componentes de desgaste.<\/p>\t\t\t\t\t\t\t\t<\/div>\n\t\t\t\t<\/div>\n\t\t\t\t<div class=\"elementor-element elementor-element-36f786ee elementor-align-left elementor-widget elementor-widget-button\" data-id=\"36f786ee\" data-element_type=\"widget\" data-widget_type=\"button.default\">\n\t\t\t\t<div class=\"elementor-widget-container\">\n\t\t\t\t\t\t\t\t\t<div class=\"elementor-button-wrapper\">\n\t\t\t\t\t<a class=\"elementor-button elementor-button-link elementor-size-sm\" href=\"\/es\/productos\/tratores\/serie-a3f\/\">\n\t\t\t\t\t\t<span class=\"elementor-button-content-wrapper\">\n\t\t\t\t\t\t\t\t\t<span class=\"elementor-button-text\">SABER M\u00c1S<\/span>\n\t\t\t\t\t<\/span>\n\t\t\t\t\t<\/a>\n\t\t\t\t<\/div>\n\t\t\t\t\t\t\t\t<\/div>\n\t\t\t\t<\/div>\n\t\t\t\t<\/div>\n\t\t<div class=\"elementor-element elementor-element-6cd685b3 e-con-full e-flex elementor-invisible e-con e-child\" data-id=\"6cd685b3\" data-element_type=\"container\" data-settings=\"{&quot;animation&quot;:&quot;fadeInRight&quot;}\">\n\t\t\t\t<div class=\"elementor-element elementor-element-203e714a elementor-widget elementor-widget-image\" data-id=\"203e714a\" data-element_type=\"widget\" data-widget_type=\"image.default\">\n\t\t\t\t<div class=\"elementor-widget-container\">\n\t\t\t\t\t\t\t\t\t\t\t\t\t\t\t<img decoding=\"async\" width=\"800\" height=\"450\" src=\"https:\/\/agroprecisa.valtraar.math.group\/wp-content\/uploads\/sites\/22\/valtra-a3f-vs1a.jpg\" class=\"attachment-large size-large wp-image-1340\" alt=\"\" srcset=\"https:\/\/agroprecisa.valtraar.math.group\/wp-content\/uploads\/sites\/22\/valtra-a3f-vs1a.jpg 800w, https:\/\/agroprecisa.valtraar.math.group\/wp-content\/uploads\/sites\/22\/valtra-a3f-vs1a-300x169.jpg 300w, https:\/\/agroprecisa.valtraar.math.group\/wp-content\/uploads\/sites\/22\/valtra-a3f-vs1a-768x432.jpg 768w, https:\/\/agroprecisa.valtraar.math.group\/wp-content\/uploads\/sites\/22\/valtra-a3f-vs1a-18x10.jpg 18w\" sizes=\"(max-width: 800px) 100vw, 800px\" \/>\t\t\t\t\t\t\t\t\t\t\t\t\t\t\t<\/div>\n\t\t\t\t<\/div>\n\t\t\t\t<\/div>\n\t\t\t\t<\/div>\n\t\t<div class=\"elementor-element elementor-element-78946c6 e-con-full content e-flex e-con e-parent\" data-id=\"78946c6\" data-element_type=\"container\">\n\t\t<div class=\"elementor-element elementor-element-c3d301d e-con-full e-flex elementor-invisible e-con e-child\" data-id=\"c3d301d\" data-element_type=\"container\" data-settings=\"{&quot;animation&quot;:&quot;fadeInLeft&quot;}\">\n\t\t\t\t<div class=\"elementor-element elementor-element-38e5830 elementor-widget elementor-widget-image\" data-id=\"38e5830\" data-element_type=\"widget\" data-widget_type=\"image.default\">\n\t\t\t\t<div class=\"elementor-widget-container\">\n\t\t\t\t\t\t\t\t\t\t\t\t\t\t\t<img loading=\"lazy\" decoding=\"async\" width=\"600\" height=\"450\" src=\"https:\/\/agroprecisa.valtraar.math.group\/wp-content\/uploads\/sites\/22\/2025\/02\/thumb_a4s-PECUARIA-600x450.jpg\" class=\"attachment-gb-block-post-grid-square size-gb-block-post-grid-square wp-image-245\" alt=\"\" \/>\t\t\t\t\t\t\t\t\t\t\t\t\t\t\t<\/div>\n\t\t\t\t<\/div>\n\t\t\t\t<\/div>\n\t\t<div class=\"elementor-element elementor-element-0ed6c3e e-con-full e-flex e-con e-child\" data-id=\"0ed6c3e\" data-element_type=\"container\">\n\t\t\t\t<div class=\"elementor-element elementor-element-e02d31a main-subtitle elementor-widget elementor-widget-heading\" data-id=\"e02d31a\" data-element_type=\"widget\" data-widget_type=\"heading.default\">\n\t\t\t\t<div class=\"elementor-widget-container\">\n\t\t\t\t\t<span class=\"elementor-heading-title elementor-size-default\">L\u00ednea A4S\n<\/span>\t\t\t\t<\/div>\n\t\t\t\t<\/div>\n\t\t\t\t<div class=\"elementor-element elementor-element-4efa354 elementor-widget elementor-widget-text-editor\" data-id=\"4efa354\" data-element_type=\"widget\" data-widget_type=\"text-editor.default\">\n\t\t\t\t<div class=\"elementor-widget-container\">\n\t\t\t\t\t\t\t\t\t<div class=\"liftblockcomp aem-GridColumn aem-GridColumn--default--12\"><div class=\"liftblock liftblock--half liftblock--left\"><div class=\"liftblock__wrap\"><div class=\"liftblock__text\"><div class=\"liftblock__text-wrap\"><div class=\"liftblock__description\"><p class=\"\" data-start=\"44\" data-end=\"555\">Las particularidades de la citricultura requieren m\u00e1quinas robustas capaces de responder a un uso intensivo a lo largo del a\u00f1o, especialmente cuando se acoplan a implementos para la ejecuci\u00f3n del control qu\u00edmico. Dise\u00f1ada para m\u00faltiples funciones, la <strong data-start=\"295\" data-end=\"308\">Serie A4S<\/strong> de Valtra es la m\u00e1s completa en cuanto a tecnolog\u00eda embarcada de su categor\u00eda. Un nuevo nivel de confort, con dise\u00f1o moderno, alta performance y eficiencia operacional para la citricultura, capaz de trabajar hasta un 5% m\u00e1s de hect\u00e1reas por hora.<\/p><p class=\"\" data-start=\"557\" data-end=\"1247\">Cuenta con un excelente radio de giro y un sistema hidr\u00e1ulico de alta capacidad que proporciona ganancias en agilidad en las respuestas del implemento acoplado, y elimina la necesidad de paradas para maniobras, resultando en un alto rendimiento y versatilidad. La memoria de rotaci\u00f3n del motor estabiliza la rotaci\u00f3n de trabajo en <strong data-start=\"888\" data-end=\"907\">solo 3 segundos<\/strong> con un simple toque de tecla, permitiendo una pulverizaci\u00f3n homog\u00e9nea de principio a fin de su huerto, adem\u00e1s de una excelente eficiencia operacional. El tractor tambi\u00e9n puede ser equipado con la tecnolog\u00eda del sistema de piloto autom\u00e1tico <strong data-start=\"1148\" data-end=\"1164\">Valtra Guide<\/strong>, by Trimble, lo que resulta en una <strong data-start=\"1200\" data-end=\"1246\">aplicaci\u00f3n de insumos un 15% m\u00e1s econ\u00f3mica<\/strong>.<\/p><\/div><\/div><\/div><\/div><\/div><\/div>\t\t\t\t\t\t\t\t<\/div>\n\t\t\t\t<\/div>\n\t\t\t\t<div class=\"elementor-element elementor-element-b996aa2 elementor-align-left elementor-widget elementor-widget-button\" data-id=\"b996aa2\" data-element_type=\"widget\" data-widget_type=\"button.default\">\n\t\t\t\t<div class=\"elementor-widget-container\">\n\t\t\t\t\t\t\t\t\t<div class=\"elementor-button-wrapper\">\n\t\t\t\t\t<a class=\"elementor-button elementor-button-link elementor-size-sm\" href=\"\/es\/productos\/tratores\/serie-a4s\/\">\n\t\t\t\t\t\t<span class=\"elementor-button-content-wrapper\">\n\t\t\t\t\t\t\t\t\t<span class=\"elementor-button-text\">SABER M\u00c1S<\/span>\n\t\t\t\t\t<\/span>\n\t\t\t\t\t<\/a>\n\t\t\t\t<\/div>\n\t\t\t\t\t\t\t\t<\/div>\n\t\t\t\t<\/div>\n\t\t\t\t<\/div>\n\t\t\t\t<\/div>\n\t\t\t\t<\/div>","protected":false},"excerpt":{"rendered":"<p>De la floraci\u00f3n a la cosecha, m\u00e1xima productividad y alta disponibilidad con los productos Valtra SOLUCIONES POR CULTIVO: C\u00cdTRICOS Brasil es l\u00edder mundial en la producci\u00f3n de frutas c\u00edtricas y en la exportaci\u00f3n de jugo concentrado de naranja. Valtra sigue de cerca los principales desaf\u00edos de los citricultores, ofreciendo soluciones que facilitan la rutina y [&hellip;]<\/p>\n","protected":false},"author":1,"featured_media":0,"parent":0,"menu_order":0,"comment_status":"closed","ping_status":"closed","template":"","meta":{"_acf_changed":false,"footnotes":""},"class_list":["post-240","page","type-page","status-publish","hentry"],"acf":[],"featured_image_src":null,"featured_image_src_square":null,"_links":{"self":[{"href":"https:\/\/agroprecisa.valtraar.math.group\/es\/wp-json\/wp\/v2\/pages\/240","targetHints":{"allow":["GET"]}}],"collection":[{"href":"https:\/\/agroprecisa.valtraar.math.group\/es\/wp-json\/wp\/v2\/pages"}],"about":[{"href":"https:\/\/agroprecisa.valtraar.math.group\/es\/wp-json\/wp\/v2\/types\/page"}],"author":[{"embeddable":true,"href":"https:\/\/agroprecisa.valtraar.math.group\/es\/wp-json\/wp\/v2\/users\/1"}],"replies":[{"embeddable":true,"href":"https:\/\/agroprecisa.valtraar.math.group\/es\/wp-json\/wp\/v2\/comments?post=240"}],"version-history":[{"count":0,"href":"https:\/\/agroprecisa.valtraar.math.group\/es\/wp-json\/wp\/v2\/pages\/240\/revisions"}],"wp:attachment":[{"href":"https:\/\/agroprecisa.valtraar.math.group\/es\/wp-json\/wp\/v2\/media?parent=240"}],"curies":[{"name":"wp","href":"https:\/\/api.w.org\/{rel}","templated":true}]}}