{"id":224,"date":"2025-02-06T13:22:52","date_gmt":"2025-02-06T16:22:52","guid":{"rendered":"https:\/\/padraovhml.tech.math.group\/?page_id=224"},"modified":"2025-04-28T09:26:32","modified_gmt":"2025-04-28T12:26:32","slug":"fruticultura","status":"publish","type":"page","link":"https:\/\/agroprecisa.valtraar.math.group\/es\/cafe\/","title":{"rendered":"Fruticultura"},"content":{"rendered":"<div data-elementor-type=\"wp-page\" data-elementor-id=\"224\" class=\"elementor elementor-224\">\n\t\t\t\t<div class=\"elementor-element elementor-element-2dfb576a e-con-full main-title  e-flex e-con e-parent\" data-id=\"2dfb576a\" data-element_type=\"container\" data-settings=\"{&quot;background_background&quot;:&quot;classic&quot;}\">\n\t\t\t\t<div class=\"elementor-element elementor-element-c91683b content elementor-widget elementor-widget-heading\" data-id=\"c91683b\" data-element_type=\"widget\" data-widget_type=\"heading.default\">\n\t\t\t\t<div class=\"elementor-widget-container\">\n\t\t\t\t\t<h2 class=\"elementor-heading-title elementor-size-default\">Soluciones Valtra<br> dise\u00f1adas para una<br> mayor eficiencia en la caficultura<\/h2>\t\t\t\t<\/div>\n\t\t\t\t<\/div>\n\t\t\t\t<\/div>\n\t\t<div class=\"elementor-element elementor-element-2865bf8e e-con-full content e-flex e-con e-parent\" data-id=\"2865bf8e\" data-element_type=\"container\">\n\t\t\t\t<div class=\"elementor-element elementor-element-71b65fda main-title with-separator elementor-widget elementor-widget-heading\" data-id=\"71b65fda\" data-element_type=\"widget\" data-widget_type=\"heading.default\">\n\t\t\t\t<div class=\"elementor-widget-container\">\n\t\t\t\t\t<span class=\"elementor-heading-title elementor-size-default\">SOLUCIONES POR CULTIVO: CAF\u00c9\n\n<\/span>\t\t\t\t<\/div>\n\t\t\t\t<\/div>\n\t\t\t\t<\/div>\n\t\t<div class=\"elementor-element elementor-element-20663706 e-con-full content e-flex e-con e-parent\" data-id=\"20663706\" data-element_type=\"container\">\n\t\t<div class=\"elementor-element elementor-element-31e42618 e-con-full e-flex e-con e-child\" data-id=\"31e42618\" data-element_type=\"container\">\n\t\t\t\t<div class=\"elementor-element elementor-element-7232b696 elementor-widget elementor-widget-text-editor\" data-id=\"7232b696\" data-element_type=\"widget\" data-widget_type=\"text-editor.default\">\n\t\t\t\t<div class=\"elementor-widget-container\">\n\t\t\t\t\t\t\t\t\t<div class=\"liftblockcomp aem-GridColumn aem-GridColumn--default--12\"><div class=\"liftblock liftblock--half liftblock--right\"><div class=\"liftblock__wrap\"><div class=\"liftblock__text\"><div class=\"liftblock__text-wrap\"><div class=\"liftblock__description\"><p>Valtra entiende las especificidades del cultivo intensivo de caf\u00e9 y ofrece al productor soluciones a medida para atender las demandas y t\u00e9cnicas de cultivo del cafetal. Resultados superiores y m\u00e1xima eficiencia con equipos dise\u00f1ados espec\u00edficamente para la caficultura.<\/p><\/div><\/div><\/div><\/div><\/div><\/div>\t\t\t\t\t\t\t\t<\/div>\n\t\t\t\t<\/div>\n\t\t\t\t<\/div>\n\t\t<div class=\"elementor-element elementor-element-3dc29ee7 e-con-full e-flex elementor-invisible e-con e-child\" data-id=\"3dc29ee7\" data-element_type=\"container\" data-settings=\"{&quot;animation&quot;:&quot;fadeInRight&quot;}\">\n\t\t\t\t<div class=\"elementor-element elementor-element-504cabfd elementor-widget elementor-widget-image\" data-id=\"504cabfd\" data-element_type=\"widget\" data-widget_type=\"image.default\">\n\t\t\t\t<div class=\"elementor-widget-container\">\n\t\t\t\t\t\t\t\t\t\t\t\t\t\t\t<img fetchpriority=\"high\" decoding=\"async\" width=\"800\" height=\"533\" src=\"https:\/\/agroprecisa.valtraar.math.group\/wp-content\/uploads\/sites\/22\/2025\/02\/cafe_01.jpg\" class=\"attachment-large size-large wp-image-227\" alt=\"\" srcset=\"https:\/\/agroprecisa.valtraar.math.group\/wp-content\/uploads\/sites\/22\/2025\/02\/cafe_01.jpg 800w, https:\/\/agroprecisa.valtraar.math.group\/wp-content\/uploads\/sites\/22\/2025\/02\/cafe_01-300x200.jpg 300w, https:\/\/agroprecisa.valtraar.math.group\/wp-content\/uploads\/sites\/22\/2025\/02\/cafe_01-768x512.jpg 768w, https:\/\/agroprecisa.valtraar.math.group\/wp-content\/uploads\/sites\/22\/2025\/02\/cafe_01-600x400.jpg 600w\" sizes=\"(max-width: 800px) 100vw, 800px\" \/>\t\t\t\t\t\t\t\t\t\t\t\t\t\t\t<\/div>\n\t\t\t\t<\/div>\n\t\t\t\t<\/div>\n\t\t\t\t<\/div>\n\t\t<div class=\"elementor-element elementor-element-721237df e-con-full content e-flex e-con e-parent\" data-id=\"721237df\" data-element_type=\"container\">\n\t\t\t\t<div class=\"elementor-element elementor-element-70ed1129 main-title with-separator elementor-widget elementor-widget-heading\" data-id=\"70ed1129\" data-element_type=\"widget\" data-widget_type=\"heading.default\">\n\t\t\t\t<div class=\"elementor-widget-container\">\n\t\t\t\t\t<span class=\"elementor-heading-title elementor-size-default\">Descubra algunos de los destacados consagrados para su producci\u00f3n:\n\n<\/span>\t\t\t\t<\/div>\n\t\t\t\t<\/div>\n\t\t\t\t<\/div>\n\t\t<div class=\"elementor-element elementor-element-22cf2640 e-con-full content e-flex e-con e-parent\" data-id=\"22cf2640\" data-element_type=\"container\">\n\t\t<div class=\"elementor-element elementor-element-18d70017 e-con-full e-flex elementor-invisible e-con e-child\" data-id=\"18d70017\" data-element_type=\"container\" data-settings=\"{&quot;animation&quot;:&quot;fadeInLeft&quot;}\">\n\t\t\t\t<div class=\"elementor-element elementor-element-6ca9fc41 elementor-widget elementor-widget-image\" data-id=\"6ca9fc41\" data-element_type=\"widget\" data-widget_type=\"image.default\">\n\t\t\t\t<div class=\"elementor-widget-container\">\n\t\t\t\t\t\t\t\t\t\t\t\t\t\t\t<img decoding=\"async\" width=\"600\" height=\"533\" src=\"https:\/\/agroprecisa.valtraar.math.group\/wp-content\/uploads\/sites\/22\/2025\/02\/cafe_a3f-600x533.jpg\" class=\"attachment-gb-block-post-grid-square size-gb-block-post-grid-square wp-image-228\" alt=\"\" \/>\t\t\t\t\t\t\t\t\t\t\t\t\t\t\t<\/div>\n\t\t\t\t<\/div>\n\t\t\t\t<\/div>\n\t\t<div class=\"elementor-element elementor-element-3010f91e e-con-full e-flex e-con e-child\" data-id=\"3010f91e\" data-element_type=\"container\">\n\t\t\t\t<div class=\"elementor-element elementor-element-84e665 main-subtitle elementor-widget elementor-widget-heading\" data-id=\"84e665\" data-element_type=\"widget\" data-widget_type=\"heading.default\">\n\t\t\t\t<div class=\"elementor-widget-container\">\n\t\t\t\t\t<span class=\"elementor-heading-title elementor-size-default\">L\u00ednea A3F\n<\/span>\t\t\t\t<\/div>\n\t\t\t\t<\/div>\n\t\t\t\t<div class=\"elementor-element elementor-element-ce1178c elementor-widget elementor-widget-text-editor\" data-id=\"ce1178c\" data-element_type=\"widget\" data-widget_type=\"text-editor.default\">\n\t\t\t\t<div class=\"elementor-widget-container\">\n\t\t\t\t\t\t\t\t\tResultado de 7 a\u00f1os de Investigaci\u00f3n &#038; Desarrollo, incluso con la participaci\u00f3n de clientes, la <a href=\"\/es\/productos\/tratores\/serie-a3f\/\"><u><strong>Serie A3F<\/strong><\/u><\/a> de Valtra re\u00fane toda la <strong>excelencia de atributos necesarios para la caficultura<\/strong>. Est\u00e1 preparada para atender la diversidad del campo y las diferentes regiones de Brasil, con el menor n\u00famero de puntos vulnerables del mercado. <strong>Es un tractor angosto, pero robusto, de alta tecnolog\u00eda y con capacidad para trabajos severos y m\u00e1xima disponibilidad.<\/strong>\n\nEste tractor Valtra cuenta con la <strong>cabina m\u00e1s grande entre los fruteros<\/strong>, cuidadosamente dise\u00f1ada con un <strong>estilo redondeado<\/strong> para cultivos intensivos, evitando la propagaci\u00f3n de plagas y da\u00f1os a las plantas y frutos, adem\u00e1s de un <strong>menor radio de giro en su categor\u00eda, proporcionando agilidad en las maniobras<\/strong>.\n\nSu sistema hidr\u00e1ulico tambi\u00e9n fue especialmente desarrollado considerando los desaf\u00edos del cultivo: su <strong>elevador de 3 puntos con ajuste independiente de caudal tiene la mayor capacidad de la categor\u00eda<\/strong>, garantizando un flujo continuo y la toma de fuerza para cualquier implemento.\n\nLa serie tambi\u00e9n responde a las necesidades de los caficultores en cuanto a mantenimiento, <strong>con puntos de f\u00e1cil acceso a los principales componentes de desgaste<\/strong>.\t\t\t\t\t\t\t\t<\/div>\n\t\t\t\t<\/div>\n\t\t\t\t<div class=\"elementor-element elementor-element-3ad1a125 elementor-align-left elementor-widget elementor-widget-button\" data-id=\"3ad1a125\" data-element_type=\"widget\" data-widget_type=\"button.default\">\n\t\t\t\t<div class=\"elementor-widget-container\">\n\t\t\t\t\t\t\t\t\t<div class=\"elementor-button-wrapper\">\n\t\t\t\t\t<a class=\"elementor-button elementor-button-link elementor-size-sm\" href=\"\/es\/productos\/tratores\/serie-a3f\/\">\n\t\t\t\t\t\t<span class=\"elementor-button-content-wrapper\">\n\t\t\t\t\t\t\t\t\t<span class=\"elementor-button-text\">SABER M\u00c1S<\/span>\n\t\t\t\t\t<\/span>\n\t\t\t\t\t<\/a>\n\t\t\t\t<\/div>\n\t\t\t\t\t\t\t\t<\/div>\n\t\t\t\t<\/div>\n\t\t\t\t<\/div>\n\t\t\t\t<\/div>\n\t\t\t\t<\/div>","protected":false},"excerpt":{"rendered":"<p>Soluciones Valtra dise\u00f1adas para una mayor eficiencia en la caficultura SOLUCIONES POR CULTIVO: CAF\u00c9 Valtra entiende las especificidades del cultivo intensivo de caf\u00e9 y ofrece al productor soluciones a medida para atender las demandas y t\u00e9cnicas de cultivo del cafetal. Resultados superiores y m\u00e1xima eficiencia con equipos dise\u00f1ados espec\u00edficamente para la caficultura. Descubra algunos de [&hellip;]<\/p>\n","protected":false},"author":1,"featured_media":0,"parent":0,"menu_order":0,"comment_status":"closed","ping_status":"closed","template":"","meta":{"_acf_changed":false,"footnotes":""},"class_list":["post-224","page","type-page","status-publish","hentry"],"acf":[],"featured_image_src":null,"featured_image_src_square":null,"_links":{"self":[{"href":"https:\/\/agroprecisa.valtraar.math.group\/es\/wp-json\/wp\/v2\/pages\/224","targetHints":{"allow":["GET"]}}],"collection":[{"href":"https:\/\/agroprecisa.valtraar.math.group\/es\/wp-json\/wp\/v2\/pages"}],"about":[{"href":"https:\/\/agroprecisa.valtraar.math.group\/es\/wp-json\/wp\/v2\/types\/page"}],"author":[{"embeddable":true,"href":"https:\/\/agroprecisa.valtraar.math.group\/es\/wp-json\/wp\/v2\/users\/1"}],"replies":[{"embeddable":true,"href":"https:\/\/agroprecisa.valtraar.math.group\/es\/wp-json\/wp\/v2\/comments?post=224"}],"version-history":[{"count":0,"href":"https:\/\/agroprecisa.valtraar.math.group\/es\/wp-json\/wp\/v2\/pages\/224\/revisions"}],"wp:attachment":[{"href":"https:\/\/agroprecisa.valtraar.math.group\/es\/wp-json\/wp\/v2\/media?parent=224"}],"curies":[{"name":"wp","href":"https:\/\/api.w.org\/{rel}","templated":true}]}}