{"id":19,"date":"2025-01-24T15:59:08","date_gmt":"2025-01-24T18:59:08","guid":{"rendered":"https:\/\/padraovhml.tech.math.group\/?page_id=19"},"modified":"2025-04-29T14:54:34","modified_gmt":"2025-04-29T17:54:34","slug":"pecas","status":"publish","type":"page","link":"https:\/\/agroprecisa.valtraar.math.group\/es\/pecas\/","title":{"rendered":"Repuestos Genuinos AGCO PARTS"},"content":{"rendered":"\t\t<div data-elementor-type=\"wp-page\" data-elementor-id=\"19\" class=\"elementor elementor-19\">\n\t\t\t\t<div class=\"elementor-element elementor-element-78c60523 e-con-full main-title  e-flex e-con e-parent\" data-id=\"78c60523\" data-element_type=\"container\" data-settings=\"{&quot;background_background&quot;:&quot;slideshow&quot;,&quot;background_slideshow_gallery&quot;:[{&quot;id&quot;:1614,&quot;url&quot;:&quot;http:\\\/\\\/padrao.valtraar.tech.math.group\\\/wp-content\\\/uploads\\\/sites\\\/6\\\/Repuestos_genuinos.jpg&quot;}],&quot;background_slideshow_loop&quot;:&quot;yes&quot;,&quot;background_slideshow_slide_duration&quot;:5000,&quot;background_slideshow_slide_transition&quot;:&quot;fade&quot;,&quot;background_slideshow_transition_duration&quot;:500}\">\n\t\t\t\t<div class=\"elementor-element elementor-element-4a4d2b22 content elementor-widget elementor-widget-text-editor\" data-id=\"4a4d2b22\" data-element_type=\"widget\" data-widget_type=\"text-editor.default\">\n\t\t\t\t<div class=\"elementor-widget-container\">\n\t\t\t\t\t\t\t\t\t<h1 class=\"hero__heading\">MANTENGA SU EQUIPO 100% ORIGINAL<\/h1><h2 class=\"hero__subheading\">USE REPUESTOS GENUINOS<\/h2>\t\t\t\t\t\t\t\t<\/div>\n\t\t\t\t<\/div>\n\t\t\t\t<\/div>\n\t\t<div class=\"elementor-element elementor-element-23028997 e-con-full content e-flex e-con e-parent\" data-id=\"23028997\" data-element_type=\"container\">\n\t\t<div class=\"elementor-element elementor-element-1208854e e-con-full e-flex e-con e-child\" data-id=\"1208854e\" data-element_type=\"container\">\n\t\t\t\t<div class=\"elementor-element elementor-element-3e5e02 main-subtitle elementor-widget elementor-widget-heading\" data-id=\"3e5e02\" data-element_type=\"widget\" data-widget_type=\"heading.default\">\n\t\t\t\t<div class=\"elementor-widget-container\">\n\t\t\t\t\t<span class=\"elementor-heading-title elementor-size-default\">repuestos genuinos AGCO Parts\n<\/span>\t\t\t\t<\/div>\n\t\t\t\t<\/div>\n\t\t\t\t<div class=\"elementor-element elementor-element-45ea07e3 elementor-widget elementor-widget-text-editor\" data-id=\"45ea07e3\" data-element_type=\"widget\" data-widget_type=\"text-editor.default\">\n\t\t\t\t<div class=\"elementor-widget-container\">\n\t\t\t\t\t\t\t\t\t<p>AGCO Parts es una unidad de negocios del grupo AGCO responsable del suministro de repuestos originales para su Valtra y Challenger.<\/p><p>Los repuestos originales pasan por estrictos criterios de evaluaci\u00f3n de calidad, empaque y transporte. Con un gran centro de distribuci\u00f3n, AGCO Parts cuenta con amplio espacio de almacenamiento, lo que garantiza al cliente completa agilidad en el servicio de atenci\u00f3n a los pedidos. En comparaci\u00f3n con el mercado paralelo, los repuestos originales tienen tambi\u00e9n 12 meses de garant\u00eda si se instalan en una concesionaria.\u00a0<\/p><p>La mejor forma de asegurarse de que su maquinaria AGCO siga siendo una herramienta verdaderamente rentable para sus operaciones es mantener su maquinaria 100% AGCO siempre. En este sentido, las piezas de recambio que se utilizan juegan un papel esencial.<br \/><br \/>Los repuestos leg\u00edtimos brindan al usuario la seguridad operativa para que el equipo se mantenga como el primer d\u00eda, prolongando su vida \u00fatil y brindando una respuesta eficiente en cada d\u00eda de trabajo.<\/p>\t\t\t\t\t\t\t\t<\/div>\n\t\t\t\t<\/div>\n\t\t\t\t<\/div>\n\t\t<div class=\"elementor-element elementor-element-36651c4f e-con-full e-flex elementor-invisible e-con e-child\" data-id=\"36651c4f\" data-element_type=\"container\" data-settings=\"{&quot;animation&quot;:&quot;fadeInRight&quot;}\">\n\t\t\t\t<div class=\"elementor-element elementor-element-3cdc1d7c elementor-widget elementor-widget-image\" data-id=\"3cdc1d7c\" data-element_type=\"widget\" data-widget_type=\"image.default\">\n\t\t\t\t<div class=\"elementor-widget-container\">\n\t\t\t\t\t\t\t\t\t\t\t\t\t\t\t<img fetchpriority=\"high\" decoding=\"async\" width=\"800\" height=\"800\" src=\"https:\/\/agroprecisa.valtraar.math.group\/wp-content\/uploads\/sites\/22\/acgo-parts-800.jpg\" class=\"attachment-large size-large wp-image-1616\" alt=\"\" srcset=\"https:\/\/agroprecisa.valtraar.math.group\/wp-content\/uploads\/sites\/22\/acgo-parts-800.jpg 800w, https:\/\/agroprecisa.valtraar.math.group\/wp-content\/uploads\/sites\/22\/acgo-parts-800-300x300.jpg 300w, https:\/\/agroprecisa.valtraar.math.group\/wp-content\/uploads\/sites\/22\/acgo-parts-800-150x150.jpg 150w, https:\/\/agroprecisa.valtraar.math.group\/wp-content\/uploads\/sites\/22\/acgo-parts-800-768x768.jpg 768w, https:\/\/agroprecisa.valtraar.math.group\/wp-content\/uploads\/sites\/22\/acgo-parts-800-600x600.jpg 600w\" sizes=\"(max-width: 800px) 100vw, 800px\" \/>\t\t\t\t\t\t\t\t\t\t\t\t\t\t\t<\/div>\n\t\t\t\t<\/div>\n\t\t\t\t<\/div>\n\t\t\t\t<\/div>\n\t\t<div class=\"elementor-element elementor-element-668269c2 e-con-full content e-flex e-con e-parent\" data-id=\"668269c2\" data-element_type=\"container\" id=\"appvaltra\">\n\t\t<div class=\"elementor-element elementor-element-76c6709d e-con-full e-flex elementor-invisible e-con e-child\" data-id=\"76c6709d\" data-element_type=\"container\" data-settings=\"{&quot;animation&quot;:&quot;fadeInLeft&quot;}\">\n\t\t\t\t<div class=\"elementor-element elementor-element-1a290854 elementor-widget elementor-widget-image\" data-id=\"1a290854\" data-element_type=\"widget\" data-widget_type=\"image.default\">\n\t\t\t\t<div class=\"elementor-widget-container\">\n\t\t\t\t\t\t\t\t\t\t\t\t\t\t\t<img decoding=\"async\" width=\"600\" height=\"600\" src=\"https:\/\/agroprecisa.valtraar.math.group\/wp-content\/uploads\/sites\/22\/pos-venda-destaque-app-valtra-600x600.jpg\" class=\"attachment-gb-block-post-grid-square size-gb-block-post-grid-square wp-image-1617\" alt=\"\" srcset=\"https:\/\/agroprecisa.valtraar.math.group\/wp-content\/uploads\/sites\/22\/pos-venda-destaque-app-valtra-600x600.jpg 600w, https:\/\/agroprecisa.valtraar.math.group\/wp-content\/uploads\/sites\/22\/pos-venda-destaque-app-valtra-300x300.jpg 300w, https:\/\/agroprecisa.valtraar.math.group\/wp-content\/uploads\/sites\/22\/pos-venda-destaque-app-valtra-150x150.jpg 150w, https:\/\/agroprecisa.valtraar.math.group\/wp-content\/uploads\/sites\/22\/pos-venda-destaque-app-valtra-768x768.jpg 768w, https:\/\/agroprecisa.valtraar.math.group\/wp-content\/uploads\/sites\/22\/pos-venda-destaque-app-valtra.jpg 800w\" sizes=\"(max-width: 600px) 100vw, 600px\" \/>\t\t\t\t\t\t\t\t\t\t\t\t\t\t\t<\/div>\n\t\t\t\t<\/div>\n\t\t\t\t<\/div>\n\t\t<div class=\"elementor-element elementor-element-265ad9d4 e-con-full e-flex e-con e-child\" data-id=\"265ad9d4\" data-element_type=\"container\">\n\t\t\t\t<div class=\"elementor-element elementor-element-61285475 main-subtitle elementor-widget elementor-widget-heading\" data-id=\"61285475\" data-element_type=\"widget\" data-widget_type=\"heading.default\">\n\t\t\t\t<div class=\"elementor-widget-container\">\n\t\t\t\t\t<span class=\"elementor-heading-title elementor-size-default\">App Valtra en la Mano\n<\/span>\t\t\t\t<\/div>\n\t\t\t\t<\/div>\n\t\t\t\t<div class=\"elementor-element elementor-element-1d801d44 elementor-widget elementor-widget-text-editor\" data-id=\"1d801d44\" data-element_type=\"widget\" data-widget_type=\"text-editor.default\">\n\t\t\t\t<div class=\"elementor-widget-container\">\n\t\t\t\t\t\t\t\t\t<div class=\"liftblockcomp aem-GridColumn aem-GridColumn--default--12\"><div><div class=\"liftblock  liftblock--half liftblock--left \"><div class=\"liftblock__wrap\"><div class=\"liftblock__text\"><div class=\"liftblock__text-wrap\"><div class=\"liftblock__description\"><p>Consulte el manual de su equipo y muchas otras informaciones para la conservaci\u00f3n, operaci\u00f3n y ajustes para el perfecto funcionamiento de su m\u00e1quina Valtra en la aplicaci\u00f3n \u201cValtra en la Mano\u201d.\u00a0\u00a1Desc\u00e1rgalo ahora en tu tienda de aplicaciones!\u00a0Disponible para sistemas\u00a0<a href=\"https:\/\/apple.co\/2Z8sr5A\">iOS<\/a>\u00a0y\u00a0<a href=\"https:\/\/bit.ly\/2YRPhiy\">Android<\/a>\u00a0.<\/p><\/div><\/div><\/div><\/div><\/div><\/div><\/div><div class=\"liftblockcomp aem-GridColumn aem-GridColumn--default--12\"><div><div class=\"liftblock  liftblock--half liftblock--right \"><div class=\"liftblock__wrap\"><div class=\"liftblock__img\"><div class=\"liftblock__img-wrap\">\u00a0<\/div><\/div><\/div><\/div><\/div><\/div>\t\t\t\t\t\t\t\t<\/div>\n\t\t\t\t<\/div>\n\t\t\t\t<\/div>\n\t\t\t\t<\/div>\n\t\t<div class=\"elementor-element elementor-element-fae49f1 e-con-full content e-flex e-con e-parent\" data-id=\"fae49f1\" data-element_type=\"container\">\n\t\t<div class=\"elementor-element elementor-element-4a35d646 e-con-full e-flex e-con e-child\" data-id=\"4a35d646\" data-element_type=\"container\">\n\t\t\t\t<div class=\"elementor-element elementor-element-3dc3d20e main-subtitle elementor-widget elementor-widget-heading\" data-id=\"3dc3d20e\" data-element_type=\"widget\" data-widget_type=\"heading.default\">\n\t\t\t\t<div class=\"elementor-widget-container\">\n\t\t\t\t\t<span class=\"elementor-heading-title elementor-size-default\">Cat\u00e1logo de Piezas\n<\/span>\t\t\t\t<\/div>\n\t\t\t\t<\/div>\n\t\t\t\t<div class=\"elementor-element elementor-element-2326d7c4 elementor-widget elementor-widget-text-editor\" data-id=\"2326d7c4\" data-element_type=\"widget\" data-widget_type=\"text-editor.default\">\n\t\t\t\t<div class=\"elementor-widget-container\">\n\t\t\t\t\t\t\t\t\t<p>La aplicaci\u00f3n\u00a0<em><strong>Books To Go<\/strong><\/em>\u00a0ofrece cat\u00e1logos interactivos y detallados de las piezas de cada m\u00e1quina. Estos cat\u00e1logos virtuales de muy f\u00e1cil lectura contienen puntos de acceso asociados directamente a las referencias de nuestras m\u00e1quinas,que le permitir\u00e1n encontrar r\u00e1pidamente el repuesto leg\u00edtimo que est\u00e1 necesitando.<\/p><p>Con la aplicaci\u00f3n usted podr\u00e1:<\/p><ul><li>Encontrar f\u00e1cilmente las piezas deseadas<\/li><li>Crear una lista personalizada de piezas<\/li><li>Enviar por email el listado de piezas seleccionado<\/li><li>Visualizar el catalogo off-line<\/li><li>Acceso en idioma espa\u00f1ol\u00a0<\/li><li>Acceder desde cualquier lugar<\/li><li>Integrar el Sistema de Negocios del Concesionario\/Distribuidor en la App (opcional)<\/li><\/ul><p>Para poder acceder a la aplicaci\u00f3n debe descargarla desde AppStore o Google Play y luego enviar a la casilla\u00a0<a href=\"mailto:BooksToGo@agcocorp.com\">BooksToGo@agcocorp.com<\/a>\u00a0los siguientes datos:<\/p><ul><li>Nombre y Apellido<\/li><li>Concesionario:<\/li><li>Tel\u00e9fono:<\/li><li>Email:<\/li><li>M\u00e1quina\/modelo:<\/li><\/ul>\t\t\t\t\t\t\t\t<\/div>\n\t\t\t\t<\/div>\n\t\t\t\t<div class=\"elementor-element elementor-element-59074ad elementor-widget elementor-widget-button\" data-id=\"59074ad\" data-element_type=\"widget\" data-widget_type=\"button.default\">\n\t\t\t\t<div class=\"elementor-widget-container\">\n\t\t\t\t\t\t\t\t\t<div class=\"elementor-button-wrapper\">\n\t\t\t\t\t<a class=\"elementor-button elementor-button-link elementor-size-sm\" href=\"https:\/\/www.youtube.com\/embed\/QjEdaqVLnJ0\">\n\t\t\t\t\t\t<span class=\"elementor-button-content-wrapper\">\n\t\t\t\t\t\t\t\t\t<span class=\"elementor-button-text\">Mira nuestro video explicativo<\/span>\n\t\t\t\t\t<\/span>\n\t\t\t\t\t<\/a>\n\t\t\t\t<\/div>\n\t\t\t\t\t\t\t\t<\/div>\n\t\t\t\t<\/div>\n\t\t\t\t<\/div>\n\t\t<div class=\"elementor-element elementor-element-54d493ea e-con-full e-flex elementor-invisible e-con e-child\" data-id=\"54d493ea\" data-element_type=\"container\" data-settings=\"{&quot;animation&quot;:&quot;fadeInRight&quot;}\">\n\t\t\t\t<div class=\"elementor-element elementor-element-2948bd42 elementor-widget elementor-widget-image\" data-id=\"2948bd42\" data-element_type=\"widget\" data-widget_type=\"image.default\">\n\t\t\t\t<div class=\"elementor-widget-container\">\n\t\t\t\t\t\t\t\t\t\t\t\t\t\t\t<img decoding=\"async\" width=\"800\" height=\"800\" src=\"https:\/\/agroprecisa.valtraar.math.group\/wp-content\/uploads\/sites\/22\/Download_the_App_Call_out_800x800.jpg\" class=\"attachment-large size-large wp-image-1618\" alt=\"\" srcset=\"https:\/\/agroprecisa.valtraar.math.group\/wp-content\/uploads\/sites\/22\/Download_the_App_Call_out_800x800.jpg 800w, https:\/\/agroprecisa.valtraar.math.group\/wp-content\/uploads\/sites\/22\/Download_the_App_Call_out_800x800-300x300.jpg 300w, https:\/\/agroprecisa.valtraar.math.group\/wp-content\/uploads\/sites\/22\/Download_the_App_Call_out_800x800-150x150.jpg 150w, https:\/\/agroprecisa.valtraar.math.group\/wp-content\/uploads\/sites\/22\/Download_the_App_Call_out_800x800-768x768.jpg 768w, https:\/\/agroprecisa.valtraar.math.group\/wp-content\/uploads\/sites\/22\/Download_the_App_Call_out_800x800-600x600.jpg 600w\" sizes=\"(max-width: 800px) 100vw, 800px\" \/>\t\t\t\t\t\t\t\t\t\t\t\t\t\t\t<\/div>\n\t\t\t\t<\/div>\n\t\t\t\t<\/div>\n\t\t\t\t<\/div>\n\t\t<div class=\"elementor-element elementor-element-ed5a4ea e-con-full content e-flex e-con e-parent\" data-id=\"ed5a4ea\" data-element_type=\"container\">\n\t\t<div class=\"elementor-element elementor-element-06d2a87 e-con-full e-flex elementor-invisible e-con e-child\" data-id=\"06d2a87\" data-element_type=\"container\" data-settings=\"{&quot;animation&quot;:&quot;fadeInLeft&quot;}\">\n\t\t\t\t<div class=\"elementor-element elementor-element-11e01ff elementor-widget elementor-widget-image\" data-id=\"11e01ff\" data-element_type=\"widget\" data-widget_type=\"image.default\">\n\t\t\t\t<div class=\"elementor-widget-container\">\n\t\t\t\t\t\t\t\t\t\t\t\t\t\t\t<img loading=\"lazy\" decoding=\"async\" width=\"600\" height=\"600\" src=\"https:\/\/agroprecisa.valtraar.math.group\/wp-content\/uploads\/sites\/22\/Repuestos_Genuinos_Holograma-600x600.jpg\" class=\"attachment-gb-block-post-grid-square size-gb-block-post-grid-square wp-image-1619\" alt=\"\" srcset=\"https:\/\/agroprecisa.valtraar.math.group\/wp-content\/uploads\/sites\/22\/Repuestos_Genuinos_Holograma-600x600.jpg 600w, https:\/\/agroprecisa.valtraar.math.group\/wp-content\/uploads\/sites\/22\/Repuestos_Genuinos_Holograma-300x300.jpg 300w, https:\/\/agroprecisa.valtraar.math.group\/wp-content\/uploads\/sites\/22\/Repuestos_Genuinos_Holograma-150x150.jpg 150w, https:\/\/agroprecisa.valtraar.math.group\/wp-content\/uploads\/sites\/22\/Repuestos_Genuinos_Holograma-768x768.jpg 768w, https:\/\/agroprecisa.valtraar.math.group\/wp-content\/uploads\/sites\/22\/Repuestos_Genuinos_Holograma.jpg 800w\" sizes=\"(max-width: 600px) 100vw, 600px\" \/>\t\t\t\t\t\t\t\t\t\t\t\t\t\t\t<\/div>\n\t\t\t\t<\/div>\n\t\t\t\t<\/div>\n\t\t<div class=\"elementor-element elementor-element-7f950cd e-con-full e-flex e-con e-child\" data-id=\"7f950cd\" data-element_type=\"container\">\n\t\t\t\t<div class=\"elementor-element elementor-element-a9c2b98 main-subtitle elementor-widget elementor-widget-heading\" data-id=\"a9c2b98\" data-element_type=\"widget\" data-widget_type=\"heading.default\">\n\t\t\t\t<div class=\"elementor-widget-container\">\n\t\t\t\t\t<span class=\"elementor-heading-title elementor-size-default\">HOLOGRAMA AGCO PARTS\n<\/span>\t\t\t\t<\/div>\n\t\t\t\t<\/div>\n\t\t\t\t<div class=\"elementor-element elementor-element-33df33c elementor-widget elementor-widget-text-editor\" data-id=\"33df33c\" data-element_type=\"widget\" data-widget_type=\"text-editor.default\">\n\t\t\t\t<div class=\"elementor-widget-container\">\n\t\t\t\t\t\t\t\t\t<p><strong>Dise\u00f1ados por los mismos ingenieros<\/strong>\u00a0responsables de la creaci\u00f3n de nuestros productos, cada repuesto leg\u00edtimo es concebido como un componente que va a formar parte de una m\u00e1quina terminada, por lo cual\u00a0<strong>se acoplan perfectamente al funcionamiento integral del producto sin dificultades.<\/strong><br \/><br \/>El empleo de un repuesto no leg\u00edtimo seguramente ocasionar\u00e1 desgastes prematuros y anormales en componentes vitales de la maquinaria,\u00a0<strong>perjudicando su durabilidad y rendimiento<\/strong>, incrementando los costos de uso y reparaci\u00f3n.<\/p><p>Todas los repuestos genuinos\u00a0<strong>poseen un holograma<\/strong>\u00a0AGCO Parts. Este holograma asegura la calidad y originalidad de los repuestos originales para\u00a0<strong>mantener su equipo 100% original<\/strong>.<\/p>\t\t\t\t\t\t\t\t<\/div>\n\t\t\t\t<\/div>\n\t\t\t\t<\/div>\n\t\t\t\t<\/div>\n\t\t\t\t<\/div>\n\t\t","protected":false},"excerpt":{"rendered":"<p>MANTENGA SU EQUIPO 100% ORIGINAL USE REPUESTOS GENUINOS repuestos genuinos AGCO Parts AGCO Parts es una unidad de negocios del grupo AGCO responsable del suministro de repuestos originales para su Valtra y Challenger. Los repuestos originales pasan por estrictos criterios de evaluaci\u00f3n de calidad, empaque y transporte. Con un gran centro de distribuci\u00f3n, AGCO Parts [&hellip;]<\/p>\n","protected":false},"author":1,"featured_media":0,"parent":0,"menu_order":0,"comment_status":"closed","ping_status":"closed","template":"","meta":{"_acf_changed":false,"footnotes":""},"class_list":["post-19","page","type-page","status-publish","hentry"],"acf":[],"featured_image_src":null,"featured_image_src_square":null,"_links":{"self":[{"href":"https:\/\/agroprecisa.valtraar.math.group\/es\/wp-json\/wp\/v2\/pages\/19","targetHints":{"allow":["GET"]}}],"collection":[{"href":"https:\/\/agroprecisa.valtraar.math.group\/es\/wp-json\/wp\/v2\/pages"}],"about":[{"href":"https:\/\/agroprecisa.valtraar.math.group\/es\/wp-json\/wp\/v2\/types\/page"}],"author":[{"embeddable":true,"href":"https:\/\/agroprecisa.valtraar.math.group\/es\/wp-json\/wp\/v2\/users\/1"}],"replies":[{"embeddable":true,"href":"https:\/\/agroprecisa.valtraar.math.group\/es\/wp-json\/wp\/v2\/comments?post=19"}],"version-history":[{"count":0,"href":"https:\/\/agroprecisa.valtraar.math.group\/es\/wp-json\/wp\/v2\/pages\/19\/revisions"}],"wp:attachment":[{"href":"https:\/\/agroprecisa.valtraar.math.group\/es\/wp-json\/wp\/v2\/media?parent=19"}],"curies":[{"name":"wp","href":"https:\/\/api.w.org\/{rel}","templated":true}]}}